{"id":4662,"date":"2023-07-04T10:52:25","date_gmt":"2023-07-04T13:52:25","guid":{"rendered":"https:\/\/condoprivacy.com.br\/?page_id=4662"},"modified":"2023-07-04T10:52:25","modified_gmt":"2023-07-04T13:52:25","slug":"artigos","status":"publish","type":"page","link":"https:\/\/liveprivacy.com.br\/index.php\/artigos\/","title":{"rendered":"Artigos"},"content":{"rendered":"\t\t<div data-elementor-type=\"wp-page\" data-elementor-id=\"4662\" class=\"elementor elementor-4662\" data-elementor-settings=\"{&quot;ha_cmc_init_switcher&quot;:&quot;no&quot;}\">\n\t\t\t\t\t\t<section class=\"elementor-section elementor-top-section elementor-element elementor-element-708181c9 elementor-section-content-middle elementor-section-boxed elementor-section-height-default elementor-section-height-default\" data-id=\"708181c9\" data-element_type=\"section\" data-e-type=\"section\" data-settings=\"{&quot;background_background&quot;:&quot;classic&quot;,&quot;_ha_eqh_enable&quot;:false}\">\n\t\t\t\t\t\t<div class=\"elementor-container elementor-column-gap-default\">\n\t\t\t\t\t<div class=\"elementor-column elementor-col-100 elementor-top-column elementor-element elementor-element-39fd19b3\" data-id=\"39fd19b3\" data-element_type=\"column\" data-e-type=\"column\">\n\t\t\t<div class=\"elementor-widget-wrap elementor-element-populated\">\n\t\t\t\t\t\t<div class=\"elementor-element elementor-element-4290680b elementor-widget elementor-widget-heading\" data-id=\"4290680b\" data-element_type=\"widget\" data-e-type=\"widget\" data-widget_type=\"heading.default\">\n\t\t\t\t<div class=\"elementor-widget-container\">\n\t\t\t\t\t<h2 class=\"elementor-heading-title elementor-size-default\">Nossos Artigos<\/h2>\t\t\t\t<\/div>\n\t\t\t\t<\/div>\n\t\t\t\t<div class=\"elementor-element elementor-element-2b4c7f2 elementor-grid-eael-col-3 elementor-grid-tablet-eael-col-2 elementor-grid-mobile-eael-col-1 elementor-widget elementor-widget-eael-post-grid\" data-id=\"2b4c7f2\" data-element_type=\"widget\" data-e-type=\"widget\" data-settings=\"{&quot;eael_post_grid_columns&quot;:&quot;eael-col-3&quot;,&quot;eael_post_grid_columns_tablet&quot;:&quot;eael-col-2&quot;,&quot;eael_post_grid_columns_mobile&quot;:&quot;eael-col-1&quot;}\" data-widget_type=\"eael-post-grid.default\">\n\t\t\t\t<div class=\"elementor-widget-container\">\n\t\t\t\t\t<div id=\"eael-post-grid-2b4c7f2\" class=\"eael-post-grid-container\">\n            <div class=\"eael-post-grid eael-post-appender eael-post-appender-2b4c7f2 eael-post-grid-style-one\" data-layout-mode=\"grid\"><article class=\"eael-grid-post  eael-post-grid-column eael-pg-post-5399 category-blog\" data-id=\"5399\">\n        <div class=\"eael-grid-post-holder\">\n            <div class=\"eael-grid-post-holder-inner\"><div class=\"eael-entry-media\"><div class=\"eael-entry-overlay fade-in\"><i class=\"fas fa-long-arrow-alt-right\" aria-hidden=\"true\"><\/i><a href=\"https:\/\/liveprivacy.com.br\/index.php\/2024\/10\/25\/privacy-by-design-como-aplicar-o-framework-queridinho-dos-gestores-de-privacidade-em-campanhas-de-marketing-digital\/\"><\/a><\/div><div class=\"eael-entry-thumbnail \">\n                <img fetchpriority=\"high\" decoding=\"async\" width=\"300\" height=\"300\" src=\"https:\/\/liveprivacy.com.br\/wp-content\/uploads\/2024\/10\/Design-sem-nome-26-300x300.png\" class=\"attachment-medium size-medium wp-image-5400\" alt=\"\" srcset=\"https:\/\/liveprivacy.com.br\/wp-content\/uploads\/2024\/10\/Design-sem-nome-26-300x300.png 300w, https:\/\/liveprivacy.com.br\/wp-content\/uploads\/2024\/10\/Design-sem-nome-26-1024x1024.png 1024w, https:\/\/liveprivacy.com.br\/wp-content\/uploads\/2024\/10\/Design-sem-nome-26-150x150.png 150w, https:\/\/liveprivacy.com.br\/wp-content\/uploads\/2024\/10\/Design-sem-nome-26-768x768.png 768w, https:\/\/liveprivacy.com.br\/wp-content\/uploads\/2024\/10\/Design-sem-nome-26.png 1080w\" sizes=\"(max-width: 300px) 100vw, 300px\" \/>\n            <\/div>\n        <\/div><div class=\"eael-entry-wrapper\"><header class=\"eael-entry-header\"><h2 class=\"eael-entry-title\"><a class=\"eael-grid-post-link\" href=\"https:\/\/liveprivacy.com.br\/index.php\/2024\/10\/25\/privacy-by-design-como-aplicar-o-framework-queridinho-dos-gestores-de-privacidade-em-campanhas-de-marketing-digital\/\" title=\"Privacy by Design: Como Aplicar o Framework Queridinho dos Gestores de Privacidade em Campanhas de Marketing Digital\">Privacy by Design: Como Aplicar o Framework Queridinho dos Gestores de Privacidade em Campanhas de Marketing Digital<\/a><\/h2><\/header><div class=\"eael-entry-content\">\n                        <div class=\"eael-grid-post-excerpt\"><p>Com a crescente preocupa\u00e7\u00e3o com a privacidade e a prote\u00e7\u00e3o...<\/p><a href=\"https:\/\/liveprivacy.com.br\/index.php\/2024\/10\/25\/privacy-by-design-como-aplicar-o-framework-queridinho-dos-gestores-de-privacidade-em-campanhas-de-marketing-digital\/\" class=\"eael-post-elements-readmore-btn\">Ler Mais<\/a><\/div>\n                    <\/div><div class=\"eael-entry-footer\"><div class=\"eael-entry-meta\"><\/div><\/div><\/div><\/div>\n        <\/div>\n    <\/article><article class=\"eael-grid-post  eael-post-grid-column eael-pg-post-5395 category-blog\" data-id=\"5395\">\n        <div class=\"eael-grid-post-holder\">\n            <div class=\"eael-grid-post-holder-inner\"><div class=\"eael-entry-media\"><div class=\"eael-entry-overlay fade-in\"><i class=\"fas fa-long-arrow-alt-right\" aria-hidden=\"true\"><\/i><a href=\"https:\/\/liveprivacy.com.br\/index.php\/2024\/10\/18\/muito-alem-do-consentimento-conheca-outras-bases-legais-que-permitem-o-uso-de-dados-para-marketing\/\"><\/a><\/div><div class=\"eael-entry-thumbnail \">\n                <img decoding=\"async\" width=\"300\" height=\"300\" src=\"https:\/\/liveprivacy.com.br\/wp-content\/uploads\/2024\/10\/image-300x300.png\" class=\"attachment-medium size-medium wp-image-5397\" alt=\"\" srcset=\"https:\/\/liveprivacy.com.br\/wp-content\/uploads\/2024\/10\/image-300x300.png 300w, https:\/\/liveprivacy.com.br\/wp-content\/uploads\/2024\/10\/image-150x150.png 150w, https:\/\/liveprivacy.com.br\/wp-content\/uploads\/2024\/10\/image-768x768.png 768w, https:\/\/liveprivacy.com.br\/wp-content\/uploads\/2024\/10\/image.png 1024w\" sizes=\"(max-width: 300px) 100vw, 300px\" \/>\n            <\/div>\n        <\/div><div class=\"eael-entry-wrapper\"><header class=\"eael-entry-header\"><h2 class=\"eael-entry-title\"><a class=\"eael-grid-post-link\" href=\"https:\/\/liveprivacy.com.br\/index.php\/2024\/10\/18\/muito-alem-do-consentimento-conheca-outras-bases-legais-que-permitem-o-uso-de-dados-para-marketing\/\" title=\"Muito Al\u00e9m do Consentimento: Conhe\u00e7a Outras Bases Legais que Permitem o Uso de Dados para Marketing\">Muito Al\u00e9m do Consentimento: Conhe\u00e7a Outras Bases Legais que Permitem o Uso de Dados para Marketing<\/a><\/h2><\/header><div class=\"eael-entry-content\">\n                        <div class=\"eael-grid-post-excerpt\"><p>No cen\u00e1rio atual, o marketing orientado a dados \u00e9 uma...<\/p><a href=\"https:\/\/liveprivacy.com.br\/index.php\/2024\/10\/18\/muito-alem-do-consentimento-conheca-outras-bases-legais-que-permitem-o-uso-de-dados-para-marketing\/\" class=\"eael-post-elements-readmore-btn\">Ler Mais<\/a><\/div>\n                    <\/div><div class=\"eael-entry-footer\"><div class=\"eael-entry-meta\"><\/div><\/div><\/div><\/div>\n        <\/div>\n    <\/article><article class=\"eael-grid-post  eael-post-grid-column eael-pg-post-5392 category-blog\" data-id=\"5392\">\n        <div class=\"eael-grid-post-holder\">\n            <div class=\"eael-grid-post-holder-inner\"><div class=\"eael-entry-wrapper\"><header class=\"eael-entry-header\"><h2 class=\"eael-entry-title\"><a class=\"eael-grid-post-link\" href=\"https:\/\/liveprivacy.com.br\/index.php\/2024\/10\/11\/conformidade-sem-refacao-minimize-retrabalhos-no-marketing-com-uma-consultoria-especializada-em-lgpd\/\" title=\"Conformidade sem Refa\u00e7\u00e3o: Minimize Retrabalhos no Marketing com uma Consultoria Especializada em LGPD\">Conformidade sem Refa\u00e7\u00e3o: Minimize Retrabalhos no Marketing com uma Consultoria Especializada em LGPD<\/a><\/h2><\/header><div class=\"eael-entry-content\">\n                        <div class=\"eael-grid-post-excerpt\"><p>N\u00e3o \u00e9 de hoje que a&nbsp;refa\u00e7\u00e3o&nbsp;\u00e9 considerada um dos maiores...<\/p><a href=\"https:\/\/liveprivacy.com.br\/index.php\/2024\/10\/11\/conformidade-sem-refacao-minimize-retrabalhos-no-marketing-com-uma-consultoria-especializada-em-lgpd\/\" class=\"eael-post-elements-readmore-btn\">Ler Mais<\/a><\/div>\n                    <\/div><div class=\"eael-entry-footer\"><div class=\"eael-entry-meta\"><\/div><\/div><\/div><\/div>\n        <\/div>\n    <\/article><article class=\"eael-grid-post  eael-post-grid-column eael-pg-post-5388 category-blog\" data-id=\"5388\">\n        <div class=\"eael-grid-post-holder\">\n            <div class=\"eael-grid-post-holder-inner\"><div class=\"eael-entry-media\"><div class=\"eael-entry-overlay fade-in\"><i class=\"fas fa-long-arrow-alt-right\" aria-hidden=\"true\"><\/i><a href=\"https:\/\/liveprivacy.com.br\/index.php\/2024\/09\/17\/os-4-as-do-marketing-e-a-lgpd-combinando-eficiencia-e-conformidade\/\"><\/a><\/div><div class=\"eael-entry-thumbnail \">\n                <img decoding=\"async\" width=\"300\" height=\"300\" src=\"https:\/\/liveprivacy.com.br\/wp-content\/uploads\/2024\/09\/image-300x300.png\" class=\"attachment-medium size-medium wp-image-5389\" alt=\"\" srcset=\"https:\/\/liveprivacy.com.br\/wp-content\/uploads\/2024\/09\/image-300x300.png 300w, https:\/\/liveprivacy.com.br\/wp-content\/uploads\/2024\/09\/image-150x150.png 150w, https:\/\/liveprivacy.com.br\/wp-content\/uploads\/2024\/09\/image-768x768.png 768w, https:\/\/liveprivacy.com.br\/wp-content\/uploads\/2024\/09\/image.png 1024w\" sizes=\"(max-width: 300px) 100vw, 300px\" \/>\n            <\/div>\n        <\/div><div class=\"eael-entry-wrapper\"><header class=\"eael-entry-header\"><h2 class=\"eael-entry-title\"><a class=\"eael-grid-post-link\" href=\"https:\/\/liveprivacy.com.br\/index.php\/2024\/09\/17\/os-4-as-do-marketing-e-a-lgpd-combinando-eficiencia-e-conformidade\/\" title=\"Os 4 As do Marketing e a LGPD: combinando efici\u00eancia e conformidade\">Os 4 As do Marketing e a LGPD: combinando efici\u00eancia e conformidade<\/a><\/h2><\/header><div class=\"eael-entry-content\">\n                        <div class=\"eael-grid-post-excerpt\"><p>O marketing contempor\u00e2neo tem se transformado rapidamente com a evolu\u00e7\u00e3o...<\/p><a href=\"https:\/\/liveprivacy.com.br\/index.php\/2024\/09\/17\/os-4-as-do-marketing-e-a-lgpd-combinando-eficiencia-e-conformidade\/\" class=\"eael-post-elements-readmore-btn\">Ler Mais<\/a><\/div>\n                    <\/div><div class=\"eael-entry-footer\"><div class=\"eael-entry-meta\"><\/div><\/div><\/div><\/div>\n        <\/div>\n    <\/article><article class=\"eael-grid-post  eael-post-grid-column eael-pg-post-5384 category-blog\" data-id=\"5384\">\n        <div class=\"eael-grid-post-holder\">\n            <div class=\"eael-grid-post-holder-inner\"><div class=\"eael-entry-wrapper\"><header class=\"eael-entry-header\"><h2 class=\"eael-entry-title\"><a class=\"eael-grid-post-link\" href=\"https:\/\/liveprivacy.com.br\/index.php\/2024\/09\/09\/o-que-e-e-para-que-serve-um-aviso-de-privacidade-guia-completo-com-checklist-para-download\/\" title=\"O Que \u00c9 e Para Que Serve um Aviso de Privacidade: Guia Completo com Checklist para Download!\">O Que \u00c9 e Para Que Serve um Aviso de Privacidade: Guia Completo com Checklist para Download!<\/a><\/h2><\/header><div class=\"eael-entry-content\">\n                        <div class=\"eael-grid-post-excerpt\"><p>O aviso de privacidade \u00e9 um documento essencial para qualquer...<\/p><a href=\"https:\/\/liveprivacy.com.br\/index.php\/2024\/09\/09\/o-que-e-e-para-que-serve-um-aviso-de-privacidade-guia-completo-com-checklist-para-download\/\" class=\"eael-post-elements-readmore-btn\">Ler Mais<\/a><\/div>\n                    <\/div><div class=\"eael-entry-footer\"><div class=\"eael-entry-meta\"><\/div><\/div><\/div><\/div>\n        <\/div>\n    <\/article><article class=\"eael-grid-post  eael-post-grid-column eael-pg-post-5380 category-blog\" data-id=\"5380\">\n        <div class=\"eael-grid-post-holder\">\n            <div class=\"eael-grid-post-holder-inner\"><div class=\"eael-entry-media\"><div class=\"eael-entry-overlay fade-in\"><i class=\"fas fa-long-arrow-alt-right\" aria-hidden=\"true\"><\/i><a href=\"https:\/\/liveprivacy.com.br\/index.php\/2024\/08\/21\/por-que-sua-agencia-de-marketing-deve-contratar-uma-consultoria-em-lgpd\/\"><\/a><\/div><div class=\"eael-entry-thumbnail \">\n                <img loading=\"lazy\" decoding=\"async\" width=\"300\" height=\"300\" src=\"https:\/\/liveprivacy.com.br\/wp-content\/uploads\/2024\/08\/Design-sem-nome-21-300x300.png\" class=\"attachment-medium size-medium wp-image-5381\" alt=\"\" srcset=\"https:\/\/liveprivacy.com.br\/wp-content\/uploads\/2024\/08\/Design-sem-nome-21-300x300.png 300w, https:\/\/liveprivacy.com.br\/wp-content\/uploads\/2024\/08\/Design-sem-nome-21-1024x1024.png 1024w, https:\/\/liveprivacy.com.br\/wp-content\/uploads\/2024\/08\/Design-sem-nome-21-150x150.png 150w, https:\/\/liveprivacy.com.br\/wp-content\/uploads\/2024\/08\/Design-sem-nome-21-768x768.png 768w, https:\/\/liveprivacy.com.br\/wp-content\/uploads\/2024\/08\/Design-sem-nome-21.png 1080w\" sizes=\"(max-width: 300px) 100vw, 300px\" \/>\n            <\/div>\n        <\/div><div class=\"eael-entry-wrapper\"><header class=\"eael-entry-header\"><h2 class=\"eael-entry-title\"><a class=\"eael-grid-post-link\" href=\"https:\/\/liveprivacy.com.br\/index.php\/2024\/08\/21\/por-que-sua-agencia-de-marketing-deve-contratar-uma-consultoria-em-lgpd\/\" title=\"Por Que Sua Ag\u00eancia de Marketing Deve Contratar uma Consultoria em LGPD?\">Por Que Sua Ag\u00eancia de Marketing Deve Contratar uma Consultoria em LGPD?<\/a><\/h2><\/header><div class=\"eael-entry-content\">\n                        <div class=\"eael-grid-post-excerpt\"><p>Texto por: Juliana Vargas No cen\u00e1rio atual, a Lei Geral...<\/p><a href=\"https:\/\/liveprivacy.com.br\/index.php\/2024\/08\/21\/por-que-sua-agencia-de-marketing-deve-contratar-uma-consultoria-em-lgpd\/\" class=\"eael-post-elements-readmore-btn\">Ler Mais<\/a><\/div>\n                    <\/div><div class=\"eael-entry-footer\"><div class=\"eael-entry-meta\"><\/div><\/div><\/div><\/div>\n        <\/div>\n    <\/article><article class=\"eael-grid-post  eael-post-grid-column eael-pg-post-5365 category-blog\" data-id=\"5365\">\n        <div class=\"eael-grid-post-holder\">\n            <div class=\"eael-grid-post-holder-inner\"><div class=\"eael-entry-media\"><div class=\"eael-entry-overlay fade-in\"><i class=\"fas fa-long-arrow-alt-right\" aria-hidden=\"true\"><\/i><a href=\"https:\/\/liveprivacy.com.br\/index.php\/2024\/08\/02\/lgpd-e-marketing-5-0-a-convergencia-entre-protecao-de-dados-e-experiencia-do-cliente\/\"><\/a><\/div><div class=\"eael-entry-thumbnail \">\n                <img loading=\"lazy\" decoding=\"async\" width=\"300\" height=\"300\" src=\"https:\/\/liveprivacy.com.br\/wp-content\/uploads\/2024\/08\/image.png\" class=\"attachment-medium size-medium wp-image-5367\" alt=\"\" \/>\n            <\/div>\n        <\/div><div class=\"eael-entry-wrapper\"><header class=\"eael-entry-header\"><h2 class=\"eael-entry-title\"><a class=\"eael-grid-post-link\" href=\"https:\/\/liveprivacy.com.br\/index.php\/2024\/08\/02\/lgpd-e-marketing-5-0-a-convergencia-entre-protecao-de-dados-e-experiencia-do-cliente\/\" title=\"LGPD e Marketing 5.0: A Converg\u00eancia entre Prote\u00e7\u00e3o de Dados e Experi\u00eancia do Cliente\">LGPD e Marketing 5.0: A Converg\u00eancia entre Prote\u00e7\u00e3o de Dados e Experi\u00eancia do Cliente<\/a><\/h2><\/header><div class=\"eael-entry-content\">\n                        <div class=\"eael-grid-post-excerpt\"><p>No cen\u00e1rio digital atual, onde a hiperconectividade e a personaliza\u00e7\u00e3o...<\/p><a href=\"https:\/\/liveprivacy.com.br\/index.php\/2024\/08\/02\/lgpd-e-marketing-5-0-a-convergencia-entre-protecao-de-dados-e-experiencia-do-cliente\/\" class=\"eael-post-elements-readmore-btn\">Ler Mais<\/a><\/div>\n                    <\/div><div class=\"eael-entry-footer\"><div class=\"eael-entry-meta\"><\/div><\/div><\/div><\/div>\n        <\/div>\n    <\/article><article class=\"eael-grid-post  eael-post-grid-column eael-pg-post-5358 category-blog\" data-id=\"5358\">\n        <div class=\"eael-grid-post-holder\">\n            <div class=\"eael-grid-post-holder-inner\"><div class=\"eael-entry-media\"><div class=\"eael-entry-overlay fade-in\"><i class=\"fas fa-long-arrow-alt-right\" aria-hidden=\"true\"><\/i><a href=\"https:\/\/liveprivacy.com.br\/index.php\/2024\/07\/26\/preparando-sua-agencia-de-marketing-para-a-lgpd-guia-passo-a-passo-em-8-etapas\/\"><\/a><\/div><div class=\"eael-entry-thumbnail \">\n                <img loading=\"lazy\" decoding=\"async\" width=\"300\" height=\"300\" src=\"https:\/\/liveprivacy.com.br\/wp-content\/uploads\/2024\/07\/Design-sem-nome-18.png\" class=\"attachment-medium size-medium wp-image-5361\" alt=\"\" \/>\n            <\/div>\n        <\/div><div class=\"eael-entry-wrapper\"><header class=\"eael-entry-header\"><h2 class=\"eael-entry-title\"><a class=\"eael-grid-post-link\" href=\"https:\/\/liveprivacy.com.br\/index.php\/2024\/07\/26\/preparando-sua-agencia-de-marketing-para-a-lgpd-guia-passo-a-passo-em-8-etapas\/\" title=\"Preparando sua Ag\u00eancia de Marketing para a LGPD: Guia Passo a Passo em 8 Etapas\">Preparando sua Ag\u00eancia de Marketing para a LGPD: Guia Passo a Passo em 8 Etapas<\/a><\/h2><\/header><div class=\"eael-entry-content\">\n                        <div class=\"eael-grid-post-excerpt\"><p>Como adequar sua ag\u00eancia de marketing \u00e0 LGPD? Este guia...<\/p><a href=\"https:\/\/liveprivacy.com.br\/index.php\/2024\/07\/26\/preparando-sua-agencia-de-marketing-para-a-lgpd-guia-passo-a-passo-em-8-etapas\/\" class=\"eael-post-elements-readmore-btn\">Ler Mais<\/a><\/div>\n                    <\/div><div class=\"eael-entry-footer\"><div class=\"eael-entry-meta\"><\/div><\/div><\/div><\/div>\n        <\/div>\n    <\/article><article class=\"eael-grid-post  eael-post-grid-column eael-pg-post-5352 category-blog\" data-id=\"5352\">\n        <div class=\"eael-grid-post-holder\">\n            <div class=\"eael-grid-post-holder-inner\"><div class=\"eael-entry-media\"><div class=\"eael-entry-overlay fade-in\"><i class=\"fas fa-long-arrow-alt-right\" aria-hidden=\"true\"><\/i><a href=\"https:\/\/liveprivacy.com.br\/index.php\/2024\/07\/25\/encarregado-pela-protecao-de-dados-sera-que-a-sua-agencia-de-marketing-precisa-ter-um\/\"><\/a><\/div><div class=\"eael-entry-thumbnail \">\n                <img loading=\"lazy\" decoding=\"async\" width=\"300\" height=\"300\" src=\"https:\/\/liveprivacy.com.br\/wp-content\/uploads\/2024\/07\/image-1.png\" class=\"attachment-medium size-medium wp-image-5353\" alt=\"\" \/>\n            <\/div>\n        <\/div><div class=\"eael-entry-wrapper\"><header class=\"eael-entry-header\"><h2 class=\"eael-entry-title\"><a class=\"eael-grid-post-link\" href=\"https:\/\/liveprivacy.com.br\/index.php\/2024\/07\/25\/encarregado-pela-protecao-de-dados-sera-que-a-sua-agencia-de-marketing-precisa-ter-um\/\" title=\"Encarregado pela Prote\u00e7\u00e3o de Dados: ser\u00e1 que a sua ag\u00eancia de marketing precisa ter um?\">Encarregado pela Prote\u00e7\u00e3o de Dados: ser\u00e1 que a sua ag\u00eancia de marketing precisa ter um?<\/a><\/h2><\/header><div class=\"eael-entry-content\">\n                        <div class=\"eael-grid-post-excerpt\"><p>Descubra se sua ag\u00eancia precisa de um Encarregado de Dados...<\/p><a href=\"https:\/\/liveprivacy.com.br\/index.php\/2024\/07\/25\/encarregado-pela-protecao-de-dados-sera-que-a-sua-agencia-de-marketing-precisa-ter-um\/\" class=\"eael-post-elements-readmore-btn\">Ler Mais<\/a><\/div>\n                    <\/div><div class=\"eael-entry-footer\"><div class=\"eael-entry-meta\"><\/div><\/div><\/div><\/div>\n        <\/div>\n    <\/article><article class=\"eael-grid-post  eael-post-grid-column eael-pg-post-5347 category-blog\" data-id=\"5347\">\n        <div class=\"eael-grid-post-holder\">\n            <div class=\"eael-grid-post-holder-inner\"><div class=\"eael-entry-media\"><div class=\"eael-entry-overlay fade-in\"><i class=\"fas fa-long-arrow-alt-right\" aria-hidden=\"true\"><\/i><a href=\"https:\/\/liveprivacy.com.br\/index.php\/2024\/07\/10\/ajustando-suas-listas-de-contatos-a-nova-realidade-da-lgpd\/\"><\/a><\/div><div class=\"eael-entry-thumbnail \">\n                <img loading=\"lazy\" decoding=\"async\" width=\"300\" height=\"300\" src=\"https:\/\/liveprivacy.com.br\/wp-content\/uploads\/2024\/07\/image.png\" class=\"attachment-medium size-medium wp-image-5348\" alt=\"\" \/>\n            <\/div>\n        <\/div><div class=\"eael-entry-wrapper\"><header class=\"eael-entry-header\"><h2 class=\"eael-entry-title\"><a class=\"eael-grid-post-link\" href=\"https:\/\/liveprivacy.com.br\/index.php\/2024\/07\/10\/ajustando-suas-listas-de-contatos-a-nova-realidade-da-lgpd\/\" title=\"Ajustando Suas Listas de Contatos \u00e0 Nova Realidade da LGPD\">Ajustando Suas Listas de Contatos \u00e0 Nova Realidade da LGPD<\/a><\/h2><\/header><div class=\"eael-entry-content\">\n                        <div class=\"eael-grid-post-excerpt\"><p>Para adequar seu marketing \u00e0 Lei Geral de Prote\u00e7\u00e3o de...<\/p><a href=\"https:\/\/liveprivacy.com.br\/index.php\/2024\/07\/10\/ajustando-suas-listas-de-contatos-a-nova-realidade-da-lgpd\/\" class=\"eael-post-elements-readmore-btn\">Ler Mais<\/a><\/div>\n                    <\/div><div class=\"eael-entry-footer\"><div class=\"eael-entry-meta\"><\/div><\/div><\/div><\/div>\n        <\/div>\n    <\/article><\/div>\n            <div class=\"clearfix\"><\/div>\n        <\/div>            <div class=\"eael-load-more-button-wrap eael-force-hide\">\n                <button class=\"eael-load-more-button\" id=\"eael-load-more-btn-2b4c7f2\" data-widget-id=\"2b4c7f2\" data-widget=\"2b4c7f2\" data-page-id=\"4662\" data-template=\"{&quot;dir&quot;:&quot;lite&quot;,&quot;file_name&quot;:&quot;one.php&quot;,&quot;name&quot;:&quot;Post-Grid&quot;}\" data-class=\"Essential_Addons_Elementor\\Elements\\Post_Grid\" data-layout=\"grid\" data-page=\"1\" data-args=\"orderby=date&amp;order=desc&amp;ignore_sticky_posts=1&amp;post_status=publish&amp;posts_per_page=&amp;offset=&amp;post_type=post\" data-max-page=\"10\">\n                    <span class=\"eael-btn-loader button__loader\"><\/span>\n                    <span class=\"eael_load_more_text\">Load More<\/span>\n                <\/button>\n            <\/div>\n            \t\t\t\t<\/div>\n\t\t\t\t<\/div>\n\t\t\t\t\t<\/div>\n\t\t<\/div>\n\t\t\t\t\t<\/div>\n\t\t<\/section>\n\t\t\t\t<\/div>\n\t\t","protected":false},"excerpt":{"rendered":"<p>Nossos Artigos Controle de Acesso em Condom\u00ednios: Privacidade e a LGPD Tempo de Leitura: 6 min Ler Mais Gerenciamento de [&hellip;]<\/p>\n","protected":false},"author":1,"featured_media":0,"parent":0,"menu_order":0,"comment_status":"closed","ping_status":"closed","template":"elementor_header_footer","meta":{"site-sidebar-layout":"default","site-content-layout":"","ast-site-content-layout":"default","site-content-style":"default","site-sidebar-style":"default","ast-global-header-display":"","ast-banner-title-visibility":"","ast-main-header-display":"","ast-hfb-above-header-display":"","ast-hfb-below-header-display":"","ast-hfb-mobile-header-display":"","site-post-title":"","ast-breadcrumbs-content":"","ast-featured-img":"","footer-sml-layout":"","ast-disable-related-posts":"","theme-transparent-header-meta":"","adv-header-id-meta":"","stick-header-meta":"","header-above-stick-meta":"","header-main-stick-meta":"","header-below-stick-meta":"","astra-migrate-meta-layouts":"default","ast-page-background-enabled":"default","ast-page-background-meta":{"desktop":{"background-color":"var(--ast-global-color-4)","background-image":"","background-repeat":"repeat","background-position":"center center","background-size":"auto","background-attachment":"scroll","background-type":"","background-media":"","overlay-type":"","overlay-color":"","overlay-opacity":"","overlay-gradient":""},"tablet":{"background-color":"","background-image":"","background-repeat":"repeat","background-position":"center center","background-size":"auto","background-attachment":"scroll","background-type":"","background-media":"","overlay-type":"","overlay-color":"","overlay-opacity":"","overlay-gradient":""},"mobile":{"background-color":"","background-image":"","background-repeat":"repeat","background-position":"center center","background-size":"auto","background-attachment":"scroll","background-type":"","background-media":"","overlay-type":"","overlay-color":"","overlay-opacity":"","overlay-gradient":""}},"ast-content-background-meta":{"desktop":{"background-color":"var(--ast-global-color-5)","background-image":"","background-repeat":"repeat","background-position":"center center","background-size":"auto","background-attachment":"scroll","background-type":"","background-media":"","overlay-type":"","overlay-color":"","overlay-opacity":"","overlay-gradient":""},"tablet":{"background-color":"var(--ast-global-color-5)","background-image":"","background-repeat":"repeat","background-position":"center center","background-size":"auto","background-attachment":"scroll","background-type":"","background-media":"","overlay-type":"","overlay-color":"","overlay-opacity":"","overlay-gradient":""},"mobile":{"background-color":"var(--ast-global-color-5)","background-image":"","background-repeat":"repeat","background-position":"center center","background-size":"auto","background-attachment":"scroll","background-type":"","background-media":"","overlay-type":"","overlay-color":"","overlay-opacity":"","overlay-gradient":""}},"footnotes":""},"class_list":["post-4662","page","type-page","status-publish","hentry"],"_links":{"self":[{"href":"https:\/\/liveprivacy.com.br\/index.php\/wp-json\/wp\/v2\/pages\/4662","targetHints":{"allow":["GET"]}}],"collection":[{"href":"https:\/\/liveprivacy.com.br\/index.php\/wp-json\/wp\/v2\/pages"}],"about":[{"href":"https:\/\/liveprivacy.com.br\/index.php\/wp-json\/wp\/v2\/types\/page"}],"author":[{"embeddable":true,"href":"https:\/\/liveprivacy.com.br\/index.php\/wp-json\/wp\/v2\/users\/1"}],"replies":[{"embeddable":true,"href":"https:\/\/liveprivacy.com.br\/index.php\/wp-json\/wp\/v2\/comments?post=4662"}],"version-history":[{"count":0,"href":"https:\/\/liveprivacy.com.br\/index.php\/wp-json\/wp\/v2\/pages\/4662\/revisions"}],"wp:attachment":[{"href":"https:\/\/liveprivacy.com.br\/index.php\/wp-json\/wp\/v2\/media?parent=4662"}],"curies":[{"name":"wp","href":"https:\/\/api.w.org\/{rel}","templated":true}]}}